{"id":16966,"date":"2025-08-17T12:33:48","date_gmt":"2025-08-17T04:33:48","guid":{"rendered":"https:\/\/balisoultrips.com\/product\/motocross-and-enduro-volcano-forest\/"},"modified":"2025-11-28T16:31:27","modified_gmt":"2025-11-28T08:31:27","slug":"motocross-and-enduro-volcano-forest","status":"publish","type":"product","link":"https:\/\/balisoultrips.com\/de\/produkt\/motocross-and-enduro-volcano-forest\/","title":{"rendered":"Motocross &amp; Enduro: Vulkangestein und Kintamani-Wald"},"content":{"rendered":"<h6 class=\"p1\"><strong>Sprache<\/strong>: Englisch, Indonesisch<\/h6>\n<h2>\u00dcbersicht<\/h2>\n<p class=\"p1\">Erobern Sie den Mount Batur auf einem Enduro-Bike! Reisfelder, wilde W\u00e4lder und Wasserf\u00e4lle erwarten Sie \u2013 Adrenalinkick garantiert!<\/p>\n<p class=\"p1\">Die Strecke verl\u00e4uft \u00fcber erstarrte Lava eines aktiven Vulkans. In der Regenzeit ist die Piste sauber, staubfrei und bietet hervorragenden Grip. Regen macht einige Abschnitte rutschig \u2013 eine ideale Herausforderung f\u00fcr erfahrene Fahrer. Auf einer H\u00f6he von etwa 1.000\u20132.500 Metern bleiben die Temperaturen angenehm, sodass Ihnen die Hitze beim Fahren nicht im Weg steht.<\/p>\n<p class=\"p1\">Sp\u00fcren Sie den Nervenkitzel, wenn Sie \u00fcber die Lava-D\u00fcnen springen, und nehmen Sie unvergessliche Emotionen mit nach Hause!<\/p>\n<h3>Optionen:<\/h3>\n<ul>\n<li class=\"p1\">4 Stunden \u2014 \u201eBlack lava\u201c<\/li>\n<li>7 Stunden \u2014 \u201eBlack lava and Kintamani forest\u201c<\/li>\n<\/ul>\n<h3>Wichtige Informationen<\/h3>\n<ul>\n<li class=\"p1\">Bei der Buchung ist eine Anzahlung von 25 % erforderlich, der Restbetrag wird vor Ort in bar bezahlt.<\/li>\n<li class=\"p1\">Alternativ k\u00f6nnen Sie den Gesamtbetrag im Voraus mit einer der verf\u00fcgbaren Online-Zahlungsmethoden begleichen.<\/li>\n<li class=\"p1\">Geeignet f\u00fcr Personen mit durchschnittlicher k\u00f6rperlicher Fitness.<\/li>\n<li class=\"p1\">Die Tour dauert je nach gew\u00e4hltem Programm etwa 4 bzw. 7 Stunden \u2013 inklusive Pausen und Mittagessen unterwegs.<\/li>\n<li class=\"p1\">Wir treten als Buchungsservice und Vermittler zwischen dem Kunden und dem in Indonesien ans\u00e4ssigen Leistungsanbieter auf.<\/li>\n<li>Wir garantieren transparente, \u00f6ffentlich einsehbare Preise und Bedingungen \u2013 ohne versteckte Geb\u00fchren.<\/li>\n<li>Wir w\u00e4hlen unsere Partner sorgf\u00e4ltig aus und arbeiten st\u00e4ndig daran, die Qualit\u00e4t unseres Services weiter zu verbessern.<\/li>\n<\/ul>\n","protected":false},"excerpt":{"rendered":"<p>Sprache: Englisch, Indonesisch \u00dcbersicht Erobern Sie den Mount Batur auf einem Enduro-Bike! Reisfelder, wilde W\u00e4lder und Wasserf\u00e4lle erwarten Sie \u2013 Adrenalinkick garantiert! Die Strecke verl\u00e4uft \u00fcber erstarrte Lava eines aktiven Vulkans. In der Regenzeit ist die Piste sauber, staubfrei und bietet hervorragenden Grip. Regen macht einige Abschnitte rutschig \u2013 eine ideale Herausforderung f\u00fcr erfahrene Fahrer. [&hellip;]<\/p>\n","protected":false},"featured_media":14201,"comment_status":"open","ping_status":"closed","template":"","meta":{"_acf_changed":false},"product_brand":[],"product_cat":[141,505,489],"product_tag":[],"class_list":{"0":"post-16966","1":"product","2":"type-product","3":"status-publish","4":"has-post-thumbnail","6":"brw_tour_types-private-gruppe","7":"brw_parent_child-child","8":"product_cat-abenteuer","9":"product_cat-extrem","10":"product_cat-balisoultrips-choice","12":"first","13":"instock","14":"shipping-taxable","15":"purchasable","16":"product-type-ovabrw_car_rental"},"acf":[],"_links":{"self":[{"href":"https:\/\/balisoultrips.com\/de\/wp-json\/wp\/v2\/product\/16966","targetHints":{"allow":["GET"]}}],"collection":[{"href":"https:\/\/balisoultrips.com\/de\/wp-json\/wp\/v2\/product"}],"about":[{"href":"https:\/\/balisoultrips.com\/de\/wp-json\/wp\/v2\/types\/product"}],"replies":[{"embeddable":true,"href":"https:\/\/balisoultrips.com\/de\/wp-json\/wp\/v2\/comments?post=16966"}],"wp:featuredmedia":[{"embeddable":true,"href":"https:\/\/balisoultrips.com\/de\/wp-json\/wp\/v2\/media\/14201"}],"wp:attachment":[{"href":"https:\/\/balisoultrips.com\/de\/wp-json\/wp\/v2\/media?parent=16966"}],"wp:term":[{"taxonomy":"product_brand","embeddable":true,"href":"https:\/\/balisoultrips.com\/de\/wp-json\/wp\/v2\/product_brand?post=16966"},{"taxonomy":"product_cat","embeddable":true,"href":"https:\/\/balisoultrips.com\/de\/wp-json\/wp\/v2\/product_cat?post=16966"},{"taxonomy":"product_tag","embeddable":true,"href":"https:\/\/balisoultrips.com\/de\/wp-json\/wp\/v2\/product_tag?post=16966"}],"curies":[{"name":"wp","href":"https:\/\/api.w.org\/{rel}","templated":true}]}}