{"id":13782,"date":"2022-06-23T07:12:45","date_gmt":"2022-06-22T23:12:45","guid":{"rendered":"https:\/\/balisoultrips.com\/datenschutzerklaerung\/"},"modified":"2025-11-30T14:17:40","modified_gmt":"2025-11-30T06:17:40","slug":"privacy-policy","status":"publish","type":"page","link":"https:\/\/balisoultrips.com\/de\/privacy-policy\/","title":{"rendered":"Datenschutzerkl\u00e4rung"},"content":{"rendered":"\n<p>1. Allgemeine Bestimmungen Diese Richtlinie zur Verarbeitung personenbezogener Daten wurde gem\u00e4\u00df den Anforderungen des F\u00f6deralen Gesetzes Nr. 152-FZ vom 27. Juli 2006 \u201e\u00dcber personenbezogene Daten\u201c erstellt und definiert das Verfahren zur Verarbeitung personenbezogener Daten sowie die von balisoultrips.com (im Folgenden \u201eder Betreiber\u201c) getroffenen Ma\u00dfnahmen zur Gew\u00e4hrleistung ihrer Sicherheit.<\/p>\n\n<p>1.1. Der Betreiber betrachtet als sein wichtigstes Ziel und als Voraussetzung seiner T\u00e4tigkeit die Wahrung der Rechte und Freiheiten von Personen bei der Verarbeitung personenbezogener Daten, einschlie\u00dflich des Schutzes des Rechts auf Privatsph\u00e4re sowie pers\u00f6nlicher und famili\u00e4rer Geheimnisse.<\/p>\n\n<p>1.2. Diese Richtlinie des Betreibers zur Verarbeitung personenbezogener Daten (im Folgenden \u201edie Richtlinie\u201c) gilt f\u00fcr alle Informationen, die der Betreiber \u00fcber Besucher der Website balisoultrips.com erhalten kann.<\/p>\n\n<p>2. Grundbegriffe, die in der Richtlinie verwendet werden 2.1. Automatisierte Verarbeitung personenbezogener Daten \u2013 Verarbeitung personenbezogener Daten mithilfe von Computertechnologien; <\/p>\n\n<p>2.2. Sperrung personenbezogener Daten \u2013 vor\u00fcbergehende Beendigung der Verarbeitung personenbezogener Daten (au\u00dfer in F\u00e4llen, in denen die Verarbeitung zur Kl\u00e4rung personenbezogener Daten erforderlich ist);<\/p>\n\n<p>2.3. Website \u2013 eine Sammlung von grafischen und informativen Materialien sowie Computerprogrammen und Datenbanken, die unter der Internetadresse https:\/\/balisoultrips.com\/ zug\u00e4nglich sind;<\/p>\n\n<p>2.4. Informationssystem f\u00fcr personenbezogene Daten \u2013 eine Sammlung personenbezogener Daten, die in Datenbanken enthalten sind, sowie Informations- und technische Mittel, die ihre Verarbeitung gew\u00e4hrleisten;<\/p>\n\n<p>2.5. Anonymisierung personenbezogener Daten \u2013 Handlungen, die dazu f\u00fchren, dass ohne zus\u00e4tzliche Informationen keine Zuordnung der personenbezogenen Daten zu einem bestimmten Nutzer oder einer anderen betroffenen Person m\u00f6glich ist;<\/p>\n\n<p>2.6. Verarbeitung personenbezogener Daten \u2013 jede Handlung (Operation) oder Gesamtheit von Handlungen (Operationen), die mit oder ohne Einsatz automatisierter Mittel an personenbezogenen Daten vorgenommen wird, einschlie\u00dflich Erhebung, Aufzeichnung, Systematisierung, Speicherung, Aktualisierung (\u00c4nderung), Abruf, Nutzung, \u00dcbermittlung (Verbreitung, Bereitstellung, Zugriff), Anonymisierung, Sperrung, L\u00f6schung und Vernichtung personenbezogener Daten;<\/p>\n\n<p>2.7. Betreiber \u2013 eine staatliche Beh\u00f6rde, kommunale Einrichtung, juristische oder nat\u00fcrliche Person, die allein oder gemeinsam mit anderen Personen die Verarbeitung personenbezogener Daten organisiert und\/oder durchf\u00fchrt sowie die Zwecke der Verarbeitung, die zu verarbeitenden Daten und die mit den personenbezogenen Daten vorgenommenen Handlungen bestimmt;<\/p>\n\n<p>2.8. Personenbezogene Daten \u2013 alle Informationen, die sich direkt oder indirekt auf einen bestimmten oder identifizierbaren Nutzer der Website balisoultrips.com beziehen;<\/p>\n\n<p>2.9. Nutzer \u2013 jeder Besucher der Website balisoultrips.com;<\/p>\n\n<p>2.10. Bereitstellung personenbezogener Daten \u2013 Handlungen, die darauf abzielen, personenbezogene Daten einer bestimmten Person oder einem bestimmten Personenkreis offenzulegen;<\/p>\n\n<p>2.11. Verbreitung personenbezogener Daten \u2013 alle Handlungen, die auf die Offenlegung personenbezogener Daten an einen unbegrenzten Personenkreis abzielen (\u00dcbertragung personenbezogener Daten) oder auf die Zug\u00e4nglichmachung dieser Daten f\u00fcr ein unbegrenztes Publikum, einschlie\u00dflich ihrer Ver\u00f6ffentlichung in den Medien, in Informations- und Telekommunikationsnetzen oder auf andere Weise;<\/p>\n\n<p>2.12. Grenz\u00fcberschreitende \u00dcbermittlung personenbezogener Daten \u2013 \u00dcbermittlung personenbezogener Daten an das Hoheitsgebiet eines ausl\u00e4ndischen Staates, an eine ausl\u00e4ndische Beh\u00f6rde, eine ausl\u00e4ndische nat\u00fcrliche oder juristische Person;<\/p>\n\n<p>2.13. Vernichtung personenbezogener Daten \u2013 alle Handlungen, durch die personenbezogene Daten dauerhaft gel\u00f6scht werden, sodass ihre Wiederherstellung im Informationssystem oder auf materiellen Datentr\u00e4gern unm\u00f6glich ist.<\/p>\n\n<p>3. Der Betreiber kann die folgenden personenbezogenen Daten des Nutzers verarbeiten 3.1. Nachname, Vorname, Vatersname; <\/p>\n\n<p>3.2. E-Mail-Adresse;<\/p>\n\n<p>3.3. Telefonnummern;<\/p>\n\n<p>3.4. Jahr, Monat, Datum und Geburtsort;<\/p>\n\n<p>3.5. Fotos;<\/p>\n\n<p>3.6. Auf der Website werden au\u00dferdem anonyme Daten \u00fcber Besucher (einschlie\u00dflich Cookies) mithilfe von Internetstatistikdiensten (Yandex Metrica, Google Analytics und andere) gesammelt und verarbeitet.<\/p>\n\n<p>3.7. Die oben genannten Daten werden im Text dieser Richtlinie unter dem allgemeinen Begriff \u201ePersonenbezogene Daten\u201c zusammengefasst.<\/p>\n\n<p>4. Zwecke der Verarbeitung personenbezogener Daten 4.1. Der Zweck der Verarbeitung der personenbezogenen Daten des Nutzers besteht darin, den Nutzer durch E-Mail-Versand zu informieren, zivilrechtliche Vertr\u00e4ge abzuschlie\u00dfen, auszuf\u00fchren und zu beenden sowie dem Nutzer Zugang zu den auf der Website enthaltenen Diensten, Informationen und\/oder Materialien zu verschaffen. <\/p>\n\n<p>4.2. Der Betreiber ist au\u00dferdem berechtigt, dem Nutzer Benachrichtigungen \u00fcber neue Produkte und Dienstleistungen, Sonderangebote und verschiedene Veranstaltungen zuzusenden. Der Nutzer kann den Erhalt dieser Informationsmitteilungen jederzeit ablehnen, indem er eine E-Mail an balisoultrips@gmail.com mit dem Vermerk \u201eAblehnung von Benachrichtigungen \u00fcber neue Produkte, Dienstleistungen und Sonderangebote\u201c sendet. <\/p>\n\n<p>4.3. Anonymisierte Nutzerdaten, die mithilfe von Internetstatistikdiensten erhoben werden, dienen der Sammlung von Informationen \u00fcber das Verhalten der Nutzer auf der Website, um deren Qualit\u00e4t und Inhalte zu verbessern.<\/p>\n\n<p>5. Rechtliche Grundlagen der Verarbeitung personenbezogener Daten 5.1. Der Betreiber verarbeitet die personenbezogenen Daten des Nutzers nur, wenn diese vom Nutzer selbstst\u00e4ndig \u00fcber spezielle Formulare auf der Website balisoultrips.com ausgef\u00fcllt und\/oder \u00fcbermittelt wurden. Durch das Ausf\u00fcllen dieser Formulare und\/oder die \u00dcbermittlung seiner personenbezogenen Daten erkl\u00e4rt sich der Nutzer mit dieser Richtlinie einverstanden.  <\/p>\n\n<p>5.2. Der Betreiber verarbeitet anonymisierte Daten \u00fcber den Nutzer, sofern dies in den Browsereinstellungen des Nutzers erlaubt ist (Speicherung von Cookies und Nutzung der JavaScript-Technologie aktiviert).<\/p>\n\n<p>6. Das Verfahren zur Erhebung, Speicherung, \u00dcbermittlung und anderen Arten der Verarbeitung personenbezogener Daten sowie die Sicherheit dieser Daten werden durch die Umsetzung rechtlicher, organisatorischer und technischer Ma\u00dfnahmen gew\u00e4hrleistet, die notwendig sind, um die Anforderungen der geltenden Gesetzgebung zum Schutz personenbezogener Daten vollst\u00e4ndig zu erf\u00fcllen.<\/p>\n\n<p>6.1. Der Betreiber gew\u00e4hrleistet die Sicherheit personenbezogener Daten und trifft alle m\u00f6glichen Ma\u00dfnahmen, um den Zugriff unbefugter Personen auf personenbezogene Daten auszuschlie\u00dfen.<\/p>\n\n<p>6.2. Die personenbezogenen Daten des Nutzers werden unter keinen Umst\u00e4nden an Dritte weitergegeben, es sei denn, dies ist zur Erf\u00fcllung gesetzlicher Bestimmungen erforderlich.<\/p>\n\n<p>6.3. Bei Ungenauigkeiten in den personenbezogenen Daten kann der Nutzer diese eigenst\u00e4ndig aktualisieren, indem er eine Benachrichtigung an den Betreiber unter der E-Mail-Adresse balisoultrips@gmail.com mit dem Vermerk \u201eAktualisierung personenbezogener Daten\u201c sendet.<\/p>\n\n<p>6.4. Die Dauer der Verarbeitung personenbezogener Daten ist unbegrenzt. Der Nutzer kann seine Einwilligung zur Verarbeitung personenbezogener Daten jederzeit widerrufen, indem er eine Benachrichtigung an den Betreiber per E-Mail an balisoultrips@gmail.com mit dem Vermerk \u201eWiderruf der Einwilligung zur Verarbeitung personenbezogener Daten\u201c sendet. <\/p>\n\n<p>7. Grenz\u00fcberschreitende \u00dcbermittlung personenbezogener Daten 7.1. Vor Beginn der grenz\u00fcberschreitenden \u00dcbermittlung personenbezogener Daten ist der Betreiber verpflichtet, sicherzustellen, dass der ausl\u00e4ndische Staat, in dessen Hoheitsgebiet die \u00dcbermittlung erfolgen soll, einen zuverl\u00e4ssigen Schutz der Rechte der betroffenen Personen gew\u00e4hrleistet. <\/p>\n\n<p>7.2. Die grenz\u00fcberschreitende \u00dcbermittlung personenbezogener Daten in das Hoheitsgebiet ausl\u00e4ndischer Staaten, die die oben genannten Anforderungen nicht erf\u00fcllen, darf nur mit schriftlicher Zustimmung der betroffenen Person zur \u00dcbermittlung ihrer personenbezogenen Daten und\/oder zur Erf\u00fcllung eines Vertrags, an dem die betroffene Person beteiligt ist, erfolgen.<\/p>\n\n<p>8. Schlussbestimmungen 8.1. Der Nutzer kann alle gew\u00fcnschten Ausk\u00fcnfte zur Verarbeitung seiner personenbezogenen Daten erhalten, indem er den Betreiber per E-Mail unter balisoultrips@gmail.com kontaktiert. <\/p>\n\n<p>8.2. Dieses Dokument wird alle \u00c4nderungen der Richtlinie des Betreibers zur Verarbeitung personenbezogener Daten widerspiegeln. Die Richtlinie gilt auf unbestimmte Zeit, bis sie durch eine neue Version ersetzt wird. <\/p>\n\n<p>8.3. Die aktuelle Version der Richtlinie ist frei im Internet unter https:\/\/balisoultrips.com\/policy verf\u00fcgbar.<\/p>\n","protected":false},"excerpt":{"rendered":"<p>1. Allgemeine Bestimmungen Diese Richtlinie zur Verarbeitung personenbezogener Daten wurde gem\u00e4\u00df den Anforderungen des F\u00f6deralen Gesetzes Nr. 152-FZ vom 27. Juli 2006 \u201e\u00dcber personenbezogene Daten\u201c erstellt und definiert das Verfahren zur Verarbeitung personenbezogener Daten sowie die von balisoultrips.com (im Folgenden \u201eder Betreiber\u201c) getroffenen Ma\u00dfnahmen zur Gew\u00e4hrleistung ihrer Sicherheit. 1.1. Der Betreiber betrachtet als sein wichtigstes [&hellip;]<\/p>\n","protected":false},"author":1,"featured_media":0,"parent":0,"menu_order":0,"comment_status":"closed","ping_status":"closed","template":"","meta":{"_acf_changed":false,"footnotes":""},"class_list":["post-13782","page","type-page","status-publish","hentry"],"acf":[],"_links":{"self":[{"href":"https:\/\/balisoultrips.com\/de\/wp-json\/wp\/v2\/pages\/13782","targetHints":{"allow":["GET"]}}],"collection":[{"href":"https:\/\/balisoultrips.com\/de\/wp-json\/wp\/v2\/pages"}],"about":[{"href":"https:\/\/balisoultrips.com\/de\/wp-json\/wp\/v2\/types\/page"}],"author":[{"embeddable":true,"href":"https:\/\/balisoultrips.com\/de\/wp-json\/wp\/v2\/users\/1"}],"replies":[{"embeddable":true,"href":"https:\/\/balisoultrips.com\/de\/wp-json\/wp\/v2\/comments?post=13782"}],"version-history":[{"count":1,"href":"https:\/\/balisoultrips.com\/de\/wp-json\/wp\/v2\/pages\/13782\/revisions"}],"predecessor-version":[{"id":13783,"href":"https:\/\/balisoultrips.com\/de\/wp-json\/wp\/v2\/pages\/13782\/revisions\/13783"}],"wp:attachment":[{"href":"https:\/\/balisoultrips.com\/de\/wp-json\/wp\/v2\/media?parent=13782"}],"curies":[{"name":"wp","href":"https:\/\/api.w.org\/{rel}","templated":true}]}}