{"id":13434,"date":"2023-06-05T02:41:41","date_gmt":"2023-06-04T18:41:41","guid":{"rendered":"https:\/\/balisoultrips.com\/zusammenarbeit\/"},"modified":"2025-11-29T20:59:49","modified_gmt":"2025-11-29T12:59:49","slug":"cooperation","status":"publish","type":"page","link":"https:\/\/balisoultrips.com\/de\/cooperation\/","title":{"rendered":"Zusammenarbeit"},"content":{"rendered":"\t\t<div data-elementor-type=\"wp-page\" data-elementor-id=\"13434\" class=\"elementor elementor-13434 elementor-7102\">\n\t\t\t\t\t\t<section class=\"elementor-section elementor-top-section elementor-element elementor-element-3092bac elementor-section-boxed elementor-section-height-default elementor-section-height-default\" data-id=\"3092bac\" data-element_type=\"section\" data-e-type=\"section\" data-settings=\"{&quot;background_background&quot;:&quot;classic&quot;}\">\n\t\t\t\t\t\t<div class=\"elementor-container elementor-column-gap-no\">\n\t\t\t\t\t<div class=\"elementor-column elementor-col-50 elementor-top-column elementor-element elementor-element-364f2e6 elementor-invisible\" data-id=\"364f2e6\" data-element_type=\"column\" data-e-type=\"column\" data-settings=\"{&quot;animation&quot;:&quot;ova-move-right&quot;,&quot;animation_tablet&quot;:&quot;none&quot;}\">\n\t\t\t<div class=\"elementor-widget-wrap elementor-element-populated\">\n\t\t\t\t\t\t<div class=\"elementor-element elementor-element-a76200e elementor-widget elementor-widget-tripgo_elementor_heading\" data-id=\"a76200e\" data-element_type=\"widget\" data-e-type=\"widget\" data-widget_type=\"tripgo_elementor_heading.default\">\n\t\t\t\t<div class=\"elementor-widget-container\">\n\t\t\t\t\t\t\t\t<div class=\"ova-title\">\n\t\t\t\t\t\t\t\t\t\t<h2 class=\"title\">\n\t\t\t\t\t\t\tKooperationsanfrage\t\t\t\t\t\t<\/h2>\n\t\t\t\t\t\t\t\t<\/div>\n\t\t\t\t\t\t\t<\/div>\n\t\t\t\t<\/div>\n\t\t\t\t<section class=\"elementor-section elementor-inner-section elementor-element elementor-element-23e5865 elementor-section-full_width elementor-section-height-default elementor-section-height-default\" data-id=\"23e5865\" data-element_type=\"section\" data-e-type=\"section\">\n\t\t\t\t\t\t<div class=\"elementor-container elementor-column-gap-no\">\n\t\t\t\t\t<div class=\"elementor-column elementor-col-100 elementor-inner-column elementor-element elementor-element-be93e86\" data-id=\"be93e86\" data-element_type=\"column\" data-e-type=\"column\">\n\t\t\t<div class=\"elementor-widget-wrap elementor-element-populated\">\n\t\t\t\t\t\t<div class=\"elementor-element elementor-element-034d8b2 elementor-widget elementor-widget-text-editor\" data-id=\"034d8b2\" data-element_type=\"widget\" data-e-type=\"widget\" data-widget_type=\"text-editor.default\">\n\t\t\t\t\t\t\t\t\t<p class=\"p1\">Wir sind offen f\u00fcr die Zusammenarbeit mit offiziellen Anbietern von Aktivtouren und Ausfl\u00fcgen auf Bali sowie an anderen wundersch\u00f6nen Reisezielen in Indonesien. Wenn Sie einzigartige Reiserouten erstellen und authentische Erlebnisse mit Reisenden teilen m\u00f6chten, freuen wir uns auf eine Kooperation mit Ihnen. <\/p>\t\t\t\t\t\t\t\t<\/div>\n\t\t\t\t<div class=\"elementor-element elementor-element-9d0a5fc elementor-widget elementor-widget-text-editor\" data-id=\"9d0a5fc\" data-element_type=\"widget\" data-e-type=\"widget\" data-widget_type=\"text-editor.default\">\n\t\t\t\t\t\t\t\t\t<p class=\"p1\">Wichtig: Wir unterst\u00fctzen keine Unternehmen und arbeiten nicht mit solchen zusammen, die Tiere in ihren Touren einsetzen \u2013 es sei denn, sie befinden sich in ihrem nat\u00fcrlichen Lebensraum.<\/p>\t\t\t\t\t\t\t\t<\/div>\n\t\t\t\t<div class=\"elementor-element elementor-element-4156140 elementor-widget elementor-widget-text-editor\" data-id=\"4156140\" data-element_type=\"widget\" data-e-type=\"widget\" data-widget_type=\"text-editor.default\">\n\t\t\t\t\t\t\t\t\t<p class=\"p1\">Bitte senden Sie uns Ihre Vorschl\u00e4ge per E-Mail \u2014 wir werden sie sorgf\u00e4ltig pr\u00fcfen und uns bei Ihnen melden.<\/p>\t\t\t\t\t\t\t\t<\/div>\n\t\t\t\t\t<\/div>\n\t\t<\/div>\n\t\t\t\t\t<\/div>\n\t\t<\/section>\n\t\t<div class=\"elementor-element elementor-element-7cc9a29 e-grid e-con-boxed e-con e-parent\" data-id=\"7cc9a29\" data-element_type=\"container\" data-e-type=\"container\">\n\t\t\t\t\t<div class=\"e-con-inner\">\n\t\t\t\t<div class=\"elementor-element elementor-element-c3966ef elementor-widget elementor-widget-tripgo_elementor_contact_info\" data-id=\"c3966ef\" data-element_type=\"widget\" data-e-type=\"widget\" data-widget_type=\"tripgo_elementor_contact_info.default\">\n\t\t\t\t<div class=\"elementor-widget-container\">\n\t\t\t\t\t\t\t\t<div class=\"ova-contact-info\">\n\t\t\t\t\t\t\t\t\t<div class=\"icon\">\n\t\t\t\t\t\t<i aria-hidden=\"true\" class=\"icomoon icomoon-envelope\"><\/i>\t\t\t\t\t<\/div>\t\n\t\t\t\t\t\t\t\t<div class=\"contact\">\n\t\t\t\t\t\t\t\t\t\t\t<div class=\"label\">\n\t\t\t\t\t\t\tE-Mail an uns senden\t\t\t\t\t\t<\/div>\n\t\t\t\t\t\t\t\t\t\t<ul class=\"info\">\n\t\t\t\t\t\t\t\t\t\t\t\t\t\t<li class=\"item\">\n\t\t\t\t\t\t\t\t\t\t\t\t\t\t\t\t\t\t\t\t\t<a href=\"mailto:office@balisoultrips.com\">\n\t\t\t\t\t\t\t\t\t\t\t\t\toffice@balisoultrips.com\t\t\t\t\t\t\t\t\t\t\t\t<\/a>\n\t\t\t\t\t\t\t\t\t\t\t\t\t\t\t\t\t\t\t<\/li>\n\t\t\t\t\t\t\t\t\t\t\t\t<\/ul>\n\t\t\t\t<\/div>\n\t\t\t<\/div>\n\t\t\t\t\t\t\t<\/div>\n\t\t\t\t<\/div>\n\t\t\t\t<div class=\"elementor-element elementor-element-993b41f elementor-widget elementor-widget-tripgo_elementor_contact_info\" data-id=\"993b41f\" data-element_type=\"widget\" data-e-type=\"widget\" data-widget_type=\"tripgo_elementor_contact_info.default\">\n\t\t\t\t<div class=\"elementor-widget-container\">\n\t\t\t\t\t\t\t\t<div class=\"ova-contact-info\">\n\t\t\t\t\t\t\t\t\t<div class=\"icon\">\n\t\t\t\t\t\t<i aria-hidden=\"true\" class=\"icomoon icomoon-call\"><\/i>\t\t\t\t\t<\/div>\t\n\t\t\t\t\t\t\t\t<div class=\"contact\">\n\t\t\t\t\t\t\t\t\t\t\t<div class=\"label\">\n\t\t\t\t\t\t\tTelefonnummer\t\t\t\t\t\t<\/div>\n\t\t\t\t\t\t\t\t\t\t<ul class=\"info\">\n\t\t\t\t\t\t\t\t\t\t\t\t\t\t<li class=\"item\">\n\t\t\t\t\t\t\t\t\t\t\t\t\t\t\t\t\t\t\t\t\t<a href=\"tel:+6282235389002 \">\n\t\t\t\t\t\t\t\t\t\t\t\t\t+62 822 3538 90 02\t\t\t\t\t\t\t\t\t\t\t\t<\/a>\n\t\t\t\t\t\t\t\t\t\t\t\t\t\t\t\t\t\t\t<\/li>\n\t\t\t\t\t\t\t\t\t\t\t\t<\/ul>\n\t\t\t\t<\/div>\n\t\t\t<\/div>\n\t\t\t\t\t\t\t<\/div>\n\t\t\t\t<\/div>\n\t\t\t\t\t<\/div>\n\t\t\t\t<\/div>\n\t\t\t\t\t<\/div>\n\t\t<\/div>\n\t\t\t\t<div class=\"elementor-column elementor-col-50 elementor-top-column elementor-element elementor-element-2aba6db\" data-id=\"2aba6db\" data-element_type=\"column\" data-e-type=\"column\">\n\t\t\t<div class=\"elementor-widget-wrap elementor-element-populated\">\n\t\t\t\t\t\t<div class=\"elementor-element elementor-element-b2eced2 elementor-widget__width-auto elementor-invisible elementor-widget elementor-widget-image\" data-id=\"b2eced2\" data-element_type=\"widget\" data-e-type=\"widget\" data-settings=\"{&quot;_animation&quot;:&quot;ova-move-up&quot;,&quot;_animation_tablet&quot;:&quot;none&quot;}\" data-widget_type=\"image.default\">\n\t\t\t\t\t\t\t\t\t\t\t\t\t\t\t<img fetchpriority=\"high\" decoding=\"async\" width=\"800\" height=\"533\" src=\"https:\/\/balisoultrips.com\/wp-content\/uploads\/2025\/08\/1666380428_27-mykale-1024x682.jpg\" class=\"attachment-large size-large wp-image-13409\" alt=\"\" srcset=\"https:\/\/balisoultrips.com\/wp-content\/uploads\/2025\/08\/1666380428_27-mykale-1024x682.jpg 1024w, https:\/\/balisoultrips.com\/wp-content\/uploads\/2025\/08\/1666380428_27-mykale-300x200.jpg 300w, https:\/\/balisoultrips.com\/wp-content\/uploads\/2025\/08\/1666380428_27-mykale-768x512.jpg 768w, https:\/\/balisoultrips.com\/wp-content\/uploads\/2025\/08\/1666380428_27-mykale-1536x1023.jpg 1536w, https:\/\/balisoultrips.com\/wp-content\/uploads\/2025\/08\/1666380428_27-mykale-600x400.jpg 600w, https:\/\/balisoultrips.com\/wp-content\/uploads\/2025\/08\/1666380428_27-mykale.jpg 1680w\" sizes=\"(max-width: 800px) 100vw, 800px\" \/>\t\t\t\t\t\t\t\t\t\t\t\t\t\t\t<\/div>\n\t\t\t\t\t<\/div>\n\t\t<\/div>\n\t\t\t\t\t<\/div>\n\t\t<\/section>\n\t\t\t\t<section class=\"elementor-section elementor-top-section elementor-element elementor-element-77eda27 elementor-section-boxed elementor-section-height-default elementor-section-height-default\" data-id=\"77eda27\" data-element_type=\"section\" data-e-type=\"section\">\n\t\t\t\t\t\t<div class=\"elementor-container elementor-column-gap-default\">\n\t\t\t\t\t<div class=\"elementor-column elementor-col-100 elementor-top-column elementor-element elementor-element-d0272f6\" data-id=\"d0272f6\" data-element_type=\"column\" data-e-type=\"column\">\n\t\t\t<div class=\"elementor-widget-wrap elementor-element-populated\">\n\t\t\t\t\t\t<div class=\"elementor-element elementor-element-52c5ea1 elementor-widget elementor-widget-button\" data-id=\"52c5ea1\" data-element_type=\"widget\" data-e-type=\"widget\" data-widget_type=\"button.default\">\n\t\t\t\t\t\t\t\t\t\t<a class=\"elementor-button elementor-button-link elementor-size-sm\" href=\"\/\">\n\t\t\t\t\t\t<span class=\"elementor-button-content-wrapper\">\n\t\t\t\t\t\t\t\t\t<span class=\"elementor-button-text\">Zur\u00fcckkehren<\/span>\n\t\t\t\t\t<\/span>\n\t\t\t\t\t<\/a>\n\t\t\t\t\t\t\t\t<\/div>\n\t\t\t\t\t<\/div>\n\t\t<\/div>\n\t\t\t\t\t<\/div>\n\t\t<\/section>\n\t\t\t\t<\/div>\n\t\t","protected":false},"excerpt":{"rendered":"<p>Kooperationsanfrage Wir sind offen f\u00fcr die Zusammenarbeit mit offiziellen Anbietern von Aktivtouren und Ausfl\u00fcgen auf Bali sowie an anderen wundersch\u00f6nen Reisezielen in Indonesien. Wenn Sie einzigartige Reiserouten erstellen und authentische Erlebnisse mit Reisenden teilen m\u00f6chten, freuen wir uns auf eine Kooperation mit Ihnen. Wichtig: Wir unterst\u00fctzen keine Unternehmen und arbeiten nicht mit solchen zusammen, die [&hellip;]<\/p>\n","protected":false},"author":1,"featured_media":0,"parent":0,"menu_order":0,"comment_status":"closed","ping_status":"closed","template":"elementor_header_footer","meta":{"_acf_changed":false,"footnotes":""},"class_list":["post-13434","page","type-page","status-publish","hentry"],"acf":[],"_links":{"self":[{"href":"https:\/\/balisoultrips.com\/de\/wp-json\/wp\/v2\/pages\/13434","targetHints":{"allow":["GET"]}}],"collection":[{"href":"https:\/\/balisoultrips.com\/de\/wp-json\/wp\/v2\/pages"}],"about":[{"href":"https:\/\/balisoultrips.com\/de\/wp-json\/wp\/v2\/types\/page"}],"author":[{"embeddable":true,"href":"https:\/\/balisoultrips.com\/de\/wp-json\/wp\/v2\/users\/1"}],"replies":[{"embeddable":true,"href":"https:\/\/balisoultrips.com\/de\/wp-json\/wp\/v2\/comments?post=13434"}],"version-history":[{"count":5,"href":"https:\/\/balisoultrips.com\/de\/wp-json\/wp\/v2\/pages\/13434\/revisions"}],"predecessor-version":[{"id":17317,"href":"https:\/\/balisoultrips.com\/de\/wp-json\/wp\/v2\/pages\/13434\/revisions\/17317"}],"wp:attachment":[{"href":"https:\/\/balisoultrips.com\/de\/wp-json\/wp\/v2\/media?parent=13434"}],"curies":[{"name":"wp","href":"https:\/\/api.w.org\/{rel}","templated":true}]}}