{"id":12640,"date":"2023-06-07T01:13:43","date_gmt":"2023-06-06T17:13:43","guid":{"rendered":"https:\/\/balisoultrips.com\/geschenkgutscheine\/"},"modified":"2025-11-29T19:32:00","modified_gmt":"2025-11-29T11:32:00","slug":"gift-certificates","status":"publish","type":"page","link":"https:\/\/balisoultrips.com\/de\/gift-certificates\/","title":{"rendered":"Geschenkgutscheine"},"content":{"rendered":"\t\t<div data-elementor-type=\"wp-page\" data-elementor-id=\"12640\" class=\"elementor elementor-12640 elementor-7700\">\n\t\t\t\t\t\t<section class=\"elementor-section elementor-top-section elementor-element elementor-element-b899c80 elementor-section-boxed elementor-section-height-default elementor-section-height-default\" data-id=\"b899c80\" data-element_type=\"section\" data-e-type=\"section\" data-settings=\"{&quot;background_background&quot;:&quot;classic&quot;}\">\n\t\t\t\t\t\t<div class=\"elementor-container elementor-column-gap-no\">\n\t\t\t\t\t<div class=\"elementor-column elementor-col-50 elementor-top-column elementor-element elementor-element-5d7099e elementor-invisible\" data-id=\"5d7099e\" data-element_type=\"column\" data-e-type=\"column\" data-settings=\"{&quot;animation&quot;:&quot;ova-move-right&quot;,&quot;animation_tablet&quot;:&quot;none&quot;}\">\n\t\t\t<div class=\"elementor-widget-wrap elementor-element-populated\">\n\t\t\t\t\t\t<div class=\"elementor-element elementor-element-dbc8b67 elementor-widget elementor-widget-image\" data-id=\"dbc8b67\" data-element_type=\"widget\" data-e-type=\"widget\" data-widget_type=\"image.default\">\n\t\t\t\t\t\t\t\t\t\t\t\t\t\t\t<img decoding=\"async\" width=\"100\" height=\"100\" src=\"https:\/\/balisoultrips.com\/wp-content\/uploads\/2025\/08\/pngtree-handdrawn-gift-box-with-bow-perfect-for-christmasbirthday-surprise-vector-png-image_12921396-removebg-preview-100x100.png\" class=\"attachment-woocommerce_gallery_thumbnail size-woocommerce_gallery_thumbnail wp-image-12637\" alt=\"\" srcset=\"https:\/\/balisoultrips.com\/wp-content\/uploads\/2025\/08\/pngtree-handdrawn-gift-box-with-bow-perfect-for-christmasbirthday-surprise-vector-png-image_12921396-removebg-preview-100x100.png 100w, https:\/\/balisoultrips.com\/wp-content\/uploads\/2025\/08\/pngtree-handdrawn-gift-box-with-bow-perfect-for-christmasbirthday-surprise-vector-png-image_12921396-removebg-preview-300x300.png 300w, https:\/\/balisoultrips.com\/wp-content\/uploads\/2025\/08\/pngtree-handdrawn-gift-box-with-bow-perfect-for-christmasbirthday-surprise-vector-png-image_12921396-removebg-preview-150x150.png 150w, https:\/\/balisoultrips.com\/wp-content\/uploads\/2025\/08\/pngtree-handdrawn-gift-box-with-bow-perfect-for-christmasbirthday-surprise-vector-png-image_12921396-removebg-preview-306x306.png 306w, https:\/\/balisoultrips.com\/wp-content\/uploads\/2025\/08\/pngtree-handdrawn-gift-box-with-bow-perfect-for-christmasbirthday-surprise-vector-png-image_12921396-removebg-preview.png 500w\" sizes=\"(max-width: 100px) 100vw, 100px\" \/>\t\t\t\t\t\t\t\t\t\t\t\t\t\t\t<\/div>\n\t\t\t\t<div class=\"elementor-element elementor-element-7454506 elementor-widget-mobile__width-initial elementor-widget elementor-widget-tripgo_elementor_heading\" data-id=\"7454506\" data-element_type=\"widget\" data-e-type=\"widget\" data-widget_type=\"tripgo_elementor_heading.default\">\n\t\t\t\t<div class=\"elementor-widget-container\">\n\t\t\t\t\t\t\t\t<div class=\"ova-title\">\n\t\t\t\t\t\t\t\t\t<h3 class=\"sub-title\">Verw\u00f6hnen Sie Ihre Liebsten<\/h3>\n\t\t\t\t\t\t\t<\/div>\n\t\t\t\t\t\t\t<\/div>\n\t\t\t\t<\/div>\n\t\t\t\t<section class=\"elementor-section elementor-inner-section elementor-element elementor-element-47d1c7a elementor-section-full_width elementor-section-height-default elementor-section-height-default\" data-id=\"47d1c7a\" data-element_type=\"section\" data-e-type=\"section\">\n\t\t\t\t\t\t<div class=\"elementor-container elementor-column-gap-no\">\n\t\t\t\t\t<div class=\"elementor-column elementor-col-100 elementor-inner-column elementor-element elementor-element-598d65e\" data-id=\"598d65e\" data-element_type=\"column\" data-e-type=\"column\">\n\t\t\t<div class=\"elementor-widget-wrap elementor-element-populated\">\n\t\t\t\t\t\t<div class=\"elementor-element elementor-element-3086486 elementor-widget elementor-widget-text-editor\" data-id=\"3086486\" data-element_type=\"widget\" data-e-type=\"widget\" data-widget_type=\"text-editor.default\">\n\t\t\t\t\t\t\t\t\t<p class=\"p1\">Suchen Sie nach dem perfekten Geschenk f\u00fcr Ihre Liebsten?<br>Unsere Geschenkgutscheine f\u00fcr spannende Ausfl\u00fcge und Touren auf der Insel Bali sind die ideale Wahl!<\/p>\t\t\t\t\t\t\t\t<\/div>\n\t\t\t\t<div class=\"elementor-element elementor-element-d5c0419 elementor-widget elementor-widget-text-editor\" data-id=\"d5c0419\" data-element_type=\"widget\" data-e-type=\"widget\" data-widget_type=\"text-editor.default\">\n\t\t\t\t\t\t\t\t\t<ul><li class=\"p1\">Wir bieten eine gro\u00dfe Auswahl an Touren, damit jeder das perfekte Abenteuer nach seinem Geschmack finden kann.<\/li><li class=\"p1\">Personalisieren Sie Ihr Geschenk: F\u00fcgen Sie eine pers\u00f6nliche Nachricht mit herzlichen W\u00fcnschen hinzu.<\/li><li class=\"p1\">Das perfekte Geschenk f\u00fcr jeden Anlass \u2013 ob Geburtstag, Jubil\u00e4um oder einfach eine liebevolle Geste.<\/li><\/ul>\t\t\t\t\t\t\t\t<\/div>\n\t\t\t\t<div class=\"elementor-element elementor-element-695aa40 elementor-widget elementor-widget-text-editor\" data-id=\"695aa40\" data-element_type=\"widget\" data-e-type=\"widget\" data-widget_type=\"text-editor.default\">\n\t\t\t\t\t\t\t\t\t<p class=\"p1\">Verpassen Sie nicht die Gelegenheit, ein wirklich besonderes Geschenk zu machen, das Ihren Liebsten noch viele Jahre in Erinnerung bleiben wird! \u00d6ffnen Sie f\u00fcr sie die Welt der Abenteuer auf Bali und schaffen Sie Erinnerungen, die sie f\u00fcr immer sch\u00e4tzen werden. <\/p>\t\t\t\t\t\t\t\t<\/div>\n\t\t\t\t\t<\/div>\n\t\t<\/div>\n\t\t\t\t\t<\/div>\n\t\t<\/section>\n\t\t\t\t\t<\/div>\n\t\t<\/div>\n\t\t\t\t<div class=\"elementor-column elementor-col-50 elementor-top-column elementor-element elementor-element-37af5f6\" data-id=\"37af5f6\" data-element_type=\"column\" data-e-type=\"column\">\n\t\t\t<div class=\"elementor-widget-wrap elementor-element-populated\">\n\t\t\t\t\t\t<div class=\"elementor-element elementor-element-25e1ff3 elementor-arrows-position-inside elementor-widget elementor-widget-image-carousel\" data-id=\"25e1ff3\" data-element_type=\"widget\" data-e-type=\"widget\" data-settings=\"{&quot;slides_to_show&quot;:&quot;1&quot;,&quot;navigation&quot;:&quot;arrows&quot;,&quot;autoplay&quot;:&quot;yes&quot;,&quot;pause_on_hover&quot;:&quot;yes&quot;,&quot;pause_on_interaction&quot;:&quot;yes&quot;,&quot;autoplay_speed&quot;:5000,&quot;infinite&quot;:&quot;yes&quot;,&quot;effect&quot;:&quot;slide&quot;,&quot;speed&quot;:500}\" data-widget_type=\"image-carousel.default\">\n\t\t\t\t\t\t\t<div class=\"elementor-image-carousel-wrapper swiper\" role=\"region\" aria-roledescription=\"carousel\" aria-label=\"Image Carousel\" dir=\"ltr\">\n\t\t\t<div class=\"elementor-image-carousel swiper-wrapper\" aria-live=\"off\">\n\t\t\t\t\t\t\t\t<div class=\"swiper-slide\" role=\"group\" aria-roledescription=\"slide\" aria-label=\"1 von 3\"><figure class=\"swiper-slide-inner\"><img decoding=\"async\" class=\"swiper-slide-image\" src=\"https:\/\/balisoultrips.com\/wp-content\/uploads\/2025\/11\/8-1024x726.png\" alt=\"8\" \/><\/figure><\/div><div class=\"swiper-slide\" role=\"group\" aria-roledescription=\"slide\" aria-label=\"2 von 3\"><figure class=\"swiper-slide-inner\"><img decoding=\"async\" class=\"swiper-slide-image\" src=\"https:\/\/balisoultrips.com\/wp-content\/uploads\/2025\/11\/9-1024x726.png\" alt=\"9\" \/><\/figure><\/div><div class=\"swiper-slide\" role=\"group\" aria-roledescription=\"slide\" aria-label=\"3 von 3\"><figure class=\"swiper-slide-inner\"><img decoding=\"async\" class=\"swiper-slide-image\" src=\"https:\/\/balisoultrips.com\/wp-content\/uploads\/2025\/11\/5-1024x726.png\" alt=\"5\" \/><\/figure><\/div>\t\t\t<\/div>\n\t\t\t\t\t\t\t\t\t\t\t\t<div class=\"elementor-swiper-button elementor-swiper-button-prev\" role=\"button\" tabindex=\"0\">\n\t\t\t\t\t\t<svg aria-hidden=\"true\" class=\"e-font-icon-svg e-eicon-chevron-left\" viewBox=\"0 0 1000 1000\" xmlns=\"http:\/\/www.w3.org\/2000\/svg\"><path d=\"M646 125C629 125 613 133 604 142L308 442C296 454 292 471 292 487 292 504 296 521 308 533L604 854C617 867 629 875 646 875 663 875 679 871 692 858 704 846 713 829 713 812 713 796 708 779 692 767L438 487 692 225C700 217 708 204 708 187 708 171 704 154 692 142 675 129 663 125 646 125Z\"><\/path><\/svg>\t\t\t\t\t<\/div>\n\t\t\t\t\t<div class=\"elementor-swiper-button elementor-swiper-button-next\" role=\"button\" tabindex=\"0\">\n\t\t\t\t\t\t<svg aria-hidden=\"true\" class=\"e-font-icon-svg e-eicon-chevron-right\" viewBox=\"0 0 1000 1000\" xmlns=\"http:\/\/www.w3.org\/2000\/svg\"><path d=\"M696 533C708 521 713 504 713 487 713 471 708 454 696 446L400 146C388 133 375 125 354 125 338 125 325 129 313 142 300 154 292 171 292 187 292 204 296 221 308 233L563 492 304 771C292 783 288 800 288 817 288 833 296 850 308 863 321 871 338 875 354 875 371 875 388 867 400 854L696 533Z\"><\/path><\/svg>\t\t\t\t\t<\/div>\n\t\t\t\t\n\t\t\t\t\t\t\t\t\t<\/div>\n\t\t\t\t\t\t<\/div>\n\t\t\t\t\t<\/div>\n\t\t<\/div>\n\t\t\t\t\t<\/div>\n\t\t<\/section>\n\t\t\t\t<section class=\"elementor-section elementor-top-section elementor-element elementor-element-b281d58 elementor-section-boxed elementor-section-height-default elementor-section-height-default\" data-id=\"b281d58\" data-element_type=\"section\" data-e-type=\"section\">\n\t\t\t\t\t\t<div class=\"elementor-container elementor-column-gap-default\">\n\t\t\t\t\t<div class=\"elementor-column elementor-col-100 elementor-top-column elementor-element elementor-element-a0db34f\" data-id=\"a0db34f\" data-element_type=\"column\" data-e-type=\"column\">\n\t\t\t<div class=\"elementor-widget-wrap elementor-element-populated\">\n\t\t\t\t\t\t<div class=\"elementor-element elementor-element-c009662 ova-accordion-custom elementor-widget elementor-widget-accordion\" data-id=\"c009662\" data-element_type=\"widget\" data-e-type=\"widget\" data-widget_type=\"accordion.default\">\n\t\t\t\t\t\t\t<div class=\"elementor-accordion\">\n\t\t\t\t\t\t\t<div class=\"elementor-accordion-item\">\n\t\t\t\t\t<div id=\"elementor-tab-title-2011\" class=\"elementor-tab-title\" data-tab=\"1\" role=\"button\" aria-controls=\"elementor-tab-content-2011\" aria-expanded=\"false\">\n\t\t\t\t\t\t\t\t\t\t\t\t\t<span class=\"elementor-accordion-icon elementor-accordion-icon-left\" aria-hidden=\"true\">\n\t\t\t\t\t\t\t\t\t\t\t\t\t\t\t<span class=\"elementor-accordion-icon-closed\"><i class=\"icomoon icomoon-plus\"><\/i><\/span>\n\t\t\t\t\t\t\t\t<span class=\"elementor-accordion-icon-opened\"><i class=\"icomoon icomoon-minus\"><\/i><\/span>\n\t\t\t\t\t\t\t\t\t\t\t\t\t\t<\/span>\n\t\t\t\t\t\t\t\t\t\t\t\t<a class=\"elementor-accordion-title\" tabindex=\"0\">Nutzungsbedingungen \u2013 Geschenkgutscheine<\/a>\n\t\t\t\t\t<\/div>\n\t\t\t\t\t<div id=\"elementor-tab-content-2011\" class=\"elementor-tab-content elementor-clearfix\" data-tab=\"1\" role=\"region\" aria-labelledby=\"elementor-tab-title-2011\"><ol>\n<li>\n<p class=\"p1\">Der BaliSoulTrips.com-Geschenkgutschein (nachfolgend \u201eGeschenkgutschein\u201c genannt) ist ein elektronischer Gutschein mit einer eindeutigen Identifikationsnummer (Bestellnummer), der dem Inhaber das Recht einr\u00e4umt, die Dienstleistungen von BaliSoulTrips.com in H\u00f6he des auf dem Gutschein angegebenen Betrags zu nutzen.<\/p>\n<\/li>\n<li>\n<p class=\"p1\">Der Geschenkgutschein kann nicht gegen Bargeld eingetauscht werden. Wenn die im Geschenkgutschein angegebene Leistung aufgrund von Wetterbedingungen oder einer Stornierung durch den Anbieter (Ausf\u00fchrer) nicht erbracht werden kann, wird die Leistung auf ein anderes Datum verschoben. <\/p>\n<\/li>\n<li>\n<p class=\"p1\">Der Geschenkgutschein ist 90 Kalendertage ab dem Kaufdatum g\u00fcltig. Nach Ablauf dieses Zeitraums verliert jeder ungenutzte Geschenkgutschein seine G\u00fcltigkeit. F\u00fcr abgelaufene Geschenkgutscheine erfolgt keine R\u00fcckerstattung.  <\/p>\n<\/li>\n<li>\n<p class=\"p1\">Der Geschenkgutschein kann vom Inhaber nur einmal verwendet werden. Sobald der Geschenkgutschein eingel\u00f6st und die Leistung vom Anbieter (Ausf\u00fchrer) erbracht wurde, gilt er als vollst\u00e4ndig genutzt und ist nicht mehr g\u00fcltig. <\/p>\n<\/li>\n<li>\n<p class=\"p1\">Wenn der Geschenkgutschein eingel\u00f6st wurde und der Anbieter aus Gr\u00fcnden, die au\u00dferhalb der Kontrolle von BaliSoulTrips.com liegen, die Leistung nicht erbringen kann, kann die Leistung gegen eine andere ausgetauscht werden \u2014 entweder von gleichem Wert oder von h\u00f6herem Wert, wobei der Inhaber (Kunde) die Differenz bezahlt.<\/p>\n<\/li>\n<li>\n<p class=\"p1\">Wenn die Kosten der vom Inhaber gew\u00e4hlten Leistung geringer sind als der Nennwert des Geschenkgutscheins, wird die Differenz nicht zur\u00fcckerstattet.<\/p>\n<\/li>\n<li>\n<p class=\"p1\">Erh\u00f6ht der Anbieter (Auftragnehmer) den Preis der im Geschenkgutschein angegebenen Leistung, beh\u00e4lt sich <span class=\"s1\"><b>BaliSoulTrips.com<\/b><\/span> das Recht vor, vom Inhaber die Zahlung der Differenz zu verlangen, und der Kunde erkl\u00e4rt sich damit einverstanden, diesen Betrag zu \u00fcbernehmen.<\/p>\n<\/li>\n<\/ol>\n<\/div>\n\t\t\t\t<\/div>\n\t\t\t\t\t\t\t\t<\/div>\n\t\t\t\t\t\t<\/div>\n\t\t\t\t<div class=\"elementor-element elementor-element-332f70a elementor-widget elementor-widget-button\" data-id=\"332f70a\" data-element_type=\"widget\" data-e-type=\"widget\" data-widget_type=\"button.default\">\n\t\t\t\t\t\t\t\t\t\t<a class=\"elementor-button elementor-button-link elementor-size-sm\" href=\"\/\">\n\t\t\t\t\t\t<span class=\"elementor-button-content-wrapper\">\n\t\t\t\t\t\t\t\t\t<span class=\"elementor-button-text\">Zur\u00fcckkehren<\/span>\n\t\t\t\t\t<\/span>\n\t\t\t\t\t<\/a>\n\t\t\t\t\t\t\t\t<\/div>\n\t\t\t\t\t<\/div>\n\t\t<\/div>\n\t\t\t\t\t<\/div>\n\t\t<\/section>\n\t\t\t\t<\/div>\n\t\t","protected":false},"excerpt":{"rendered":"<p>Verw\u00f6hnen Sie Ihre Liebsten Suchen Sie nach dem perfekten Geschenk f\u00fcr Ihre Liebsten?Unsere Geschenkgutscheine f\u00fcr spannende Ausfl\u00fcge und Touren auf der Insel Bali sind die ideale Wahl! Wir bieten eine gro\u00dfe Auswahl an Touren, damit jeder das perfekte Abenteuer nach seinem Geschmack finden kann. Personalisieren Sie Ihr Geschenk: F\u00fcgen Sie eine pers\u00f6nliche Nachricht mit herzlichen [&hellip;]<\/p>\n","protected":false},"author":1,"featured_media":0,"parent":0,"menu_order":0,"comment_status":"closed","ping_status":"closed","template":"elementor_header_footer","meta":{"_acf_changed":false,"footnotes":""},"class_list":["post-12640","page","type-page","status-publish","hentry"],"acf":[],"_links":{"self":[{"href":"https:\/\/balisoultrips.com\/de\/wp-json\/wp\/v2\/pages\/12640","targetHints":{"allow":["GET"]}}],"collection":[{"href":"https:\/\/balisoultrips.com\/de\/wp-json\/wp\/v2\/pages"}],"about":[{"href":"https:\/\/balisoultrips.com\/de\/wp-json\/wp\/v2\/types\/page"}],"author":[{"embeddable":true,"href":"https:\/\/balisoultrips.com\/de\/wp-json\/wp\/v2\/users\/1"}],"replies":[{"embeddable":true,"href":"https:\/\/balisoultrips.com\/de\/wp-json\/wp\/v2\/comments?post=12640"}],"version-history":[{"count":5,"href":"https:\/\/balisoultrips.com\/de\/wp-json\/wp\/v2\/pages\/12640\/revisions"}],"predecessor-version":[{"id":17184,"href":"https:\/\/balisoultrips.com\/de\/wp-json\/wp\/v2\/pages\/12640\/revisions\/17184"}],"wp:attachment":[{"href":"https:\/\/balisoultrips.com\/de\/wp-json\/wp\/v2\/media?parent=12640"}],"curies":[{"name":"wp","href":"https:\/\/api.w.org\/{rel}","templated":true}]}}